{"id":72474,"date":"2019-02-19T10:35:07","date_gmt":"2019-02-19T09:35:07","guid":{"rendered":"https:\/\/veredes.es\/blog\/?page_id=72474"},"modified":"2023-04-01T10:28:26","modified_gmt":"2023-04-01T08:28:26","slug":"aviso-legal","status":"publish","type":"page","link":"https:\/\/veredes.es\/blog\/aviso-legal\/","title":{"rendered":"Aviso Legal"},"content":{"rendered":"<h4 style=\"text-align: justify;\"><strong class=\"mce\">DATOS IDENTIFICATIVOS.<\/strong><\/h4>\n<p style=\"text-align: justify;\">De acuerdo con el art\u00edculo 10 de la Ley 34\/2002, de 11 de julio, de Servicios de la Sociedad de la Informaci\u00f3n y de Comercio Electr\u00f3nico se informa que\u00a0<strong>veredes, arquitectura y divulgaci\u00f3n <\/strong>est\u00e1 domiciliada en Av\/ de la Coru\u00f1a 337, 5\u00ba Izq de Lugo, Galicia, Espa\u00f1ay cuyo responsable es Alberto Alonso Oro con DNI 36159620D, <a href=\"mailto:contacto@veredes.es\" target=\"_blank\" rel=\"noopener\"><strong>contacto@veredes.es<\/strong><\/a>., tel\u00e9fono 630 57 13 27 y domicilio anteriormente indicado.<\/p>\n<p style=\"text-align: justify;\">La finalidad de\u00a0<strong>veredes<\/strong>, <strong>arquitectura y divulgaci\u00f3n <\/strong>es compartir la b\u00fasqueda de satisfacer el conocimiento de la actividad arquitect\u00f3nica y tangentes que se generan. La idea es crear un espacio para divulgar los diversos proyectos y art\u00edculos en busca de nueva inspiraci\u00f3n y de intercambio, ya que se puede buscar informaci\u00f3n a trav\u00e9s de <a href=\"https:\/\/veredes.es\/blog\/editorial\/\" target=\"_blank\" rel=\"noopener\">distintas clasificaciones<\/a>.<\/p>\n<h4 class=\"mce\"><span class=\"s1\"><strong class=\"mce\">OBJETO Y \u00c1MBITO DE APLICACI\u00d3N.<\/strong><\/span><\/h4>\n<p class=\"p1\" style=\"text-align: justify;\"><span class=\"s1\">Estas son las condiciones generales (en adelante \u00abcondiciones generales\u00bb) que regulan el acceso, navegaci\u00f3n y uso de los sitios Web bajo el dominio \u00abhttp:\/\/www.veredes.es\u00bb (en adelante, Sitio Web), as\u00ed como las responsabilidades derivadas de la utilizaci\u00f3n de sus contenidos (entendiendo en adelante por \u00abcontenidos\u00bb los textos, gr\u00e1ficos, dibujos, dise\u00f1os, c\u00f3digos, software, fotograf\u00edas, m\u00fasica, v\u00eddeos, sonidos, bases de datos, im\u00e1genes, expresiones e informaciones, as\u00ed como cualquier otra creaci\u00f3n protegida por las leyes nacionales y los tratados internacionales sobre propiedad intelectual e industrial). Independientemente de las mismas,\u00a0 podr\u00e1 establecer unas condiciones particulares que regulen la utilizaci\u00f3n y\/o contrataci\u00f3n de servicios espec\u00edficos ofrecidos a los Usuarios a trav\u00e9s del Sitio Web.<\/span><\/p>\n<p class=\"p1\" style=\"text-align: justify;\"><span class=\"s1\">Se entender\u00e1 que el acceso o la mera utilizaci\u00f3n del Sitio Web por parte del Usuario implica la adhesi\u00f3n de \u00e9ste a las condiciones generales que Sitio Web tenga publicadas en cada momento en el que acceda al Sitio Web y que estar\u00e1n disponibles para los usuarios. En consecuencia, el Usuario debe leer atentamente estas condiciones generales antes de acceder al Sitio Web, ya que estas pueden sufrir modificaciones para adaptarse a cambios operativos, t\u00e9cnicos o legislativos. Como consecuencia de lo anterior, Sitio Web se reserva el derecho de actualizar o modificar las condiciones del Sitio web. En este sentido, se entender\u00e1 por Usuario a la persona que acceda, navegue, utilice o participe en los servicios y actividades, gratuitas\u00a0o de pago\u00a0desarrolladas en el Sitio Web.<\/span><\/p>\n<p class=\"p1\" style=\"text-align: justify;\"><span class=\"s1\">Asimismo, a trav\u00e9s del Sitio Web, podr\u00e1 habilitar a terceras entidades para que publiciten o presten sus servicios. En estos casos, Sitio Web no ser\u00e1 responsable de establecer las condiciones generales y particulares a tener en cuenta en la utilizaci\u00f3n, prestaci\u00f3n o contrataci\u00f3n de estos servicios por terceros y, por tanto, no podr\u00e1 ser considerado responsable de los mismos.\u00a0<\/span><\/p>\n<h4 class=\"p1\"><span class=\"s1\"><strong class=\"mce\">DERECHOS DE PROPIEDAD INTELECTUAL E INDUSTRIAL.<\/strong><\/span><\/h4>\n<p class=\"p1\" style=\"text-align: justify;\"><span class=\"s1\">Sitio Web se acoge a las licencias Creative Commons,\u00a0Concretamente la m\u00e1s abierta de todas: la BY-SA comos se puede comprobar en el pie de p\u00e1gina. Por tanto puedes copiar, difundir y remezclar nuestro contenido en Internet pero siempre debes citar y enlazar la fuente y el autor del contenido que utilices.\u00a0Los dibujos de los\u00a0columnistas\u00a0tambi\u00e9n son Creative Commons, aunque no podr\u00e1n ser reproducidos con fines comerciales.<\/span><\/p>\n<h4 class=\"p1\"><span class=\"s1\"><strong class=\"mce\">ACCESO.<\/strong><\/span><\/h4>\n<p class=\"p1\" style=\"text-align: justify;\"><span class=\"s1\">El acceso al Sitio Web por parte de los Usuarios tiene car\u00e1cter libre y gratuito pero totalmente prohibida\u00a0la contrataci\u00f3n de productos y servicios a trav\u00e9s del Sitio Web por parte de menores de edad legal, debiendo obtener debidamente y con anterioridad, el consentimiento de sus padres, tutores o representantes legales, los cuales ser\u00e1n considerados como responsables de los actos que lleven a cabo los menores a su cargo, conforme a la normativa vigente.<\/span><\/p>\n<h4 class=\"p1\" style=\"text-align: justify;\"><strong class=\"mce\">PARTICIPACI\u00d3N.<\/strong><\/h4>\n<p class=\"p1\" style=\"text-align: justify;\">El Sitio Web permite al\u00a0Usuario\u00a0la participaci\u00f3n para fomentar la conversaci\u00f3n y el intercambio de ideas y opiniones entre los usuarios y columnistas para ser fiel al objetivo que se ha marcado, de permitir la accesibilidad universal al conocimiento e intercambio que se genere. Para se han habilitado espacio y herramientas para el ello. Ese espacio son \u00abcomentarios\u00bb habilitados al final de los art\u00edculos. Fieles al compromiso de cumplir la protecci\u00f3n de datos se ha empleado una herramienta externa <a href=\"https:\/\/wpdiscuz.com\/docs\/wpdiscuz-documentation\/gdpr\/\" target=\"_blank\" rel=\"noopener\">wpdiscuz<\/a>\u00a0por la que se debe revisar sus pol\u00edticas de privacidad y condiciones de uso. Como no podr\u00eda ser de otra forma se deben respetar unas normas de convivencia, respeto y decoro adecuadas ya que ser\u00e1 responsable de la totalidad de las manifestaciones realizadas siendo susceptibles de denunciadas ante el medio o autoridad pertinente.<\/p>\n<p class=\"p1\" style=\"text-align: justify;\">En el caso de que el Usuario env\u00ede contenidos de cualquier tipo al Sitio Web, el mismo declara, garantiza y acepta que tiene derecho a hacerlo libremente, que dicha informaci\u00f3n no infringe ning\u00fan derecho de propiedad intelectual, de marca, de patente, secreto comercial, o cualquier otro derecho de tercero, que dicha informaci\u00f3n no tiene car\u00e1cter confidencial y que dicha informaci\u00f3n no es perjudicial para terceros. Por tanto el Usuario reconoce asumir la responsabilidad y dejar\u00e1 indemne a\u00a0Sitio Web\u00a0por las anteriores manifestaciones.<\/p>\n<h4 class=\"p1\"><strong class=\"mce\">GARANT\u00cdAS Y RESPONSABILIDAD.<\/strong><\/h4>\n<p class=\"p1\" style=\"text-align: justify;\"><span class=\"s1\">El Sitio Web no se hace responsable, en ning\u00fan caso, de los da\u00f1os y perjuicios de cualquier naturaleza que pudieran ocasionar, a t\u00edtulo enunciativo: errores u omisiones en los contenidos, falta de disponibilidad del portal o la transmisi\u00f3n de virus o programas maliciosos o lesivos en los contenidos, a pesar de haber adoptado todas las medidas tecnol\u00f3gicas necesarias para evitarlo.<\/span><\/p>\n<p><strong>Enlaces a Terceros.<\/strong><\/p>\n<p style=\"text-align: justify;\">Este sitio web pudiera contener enlaces a otros sitios que pudieran ser de su inter\u00e9s. Una vez que usted de clic en estos enlaces y abandone nuestra p\u00e1gina, ya no tenemos control sobre al sitio al que es redirigido y por lo tanto no somos responsables de los t\u00e9rminos o privacidad ni de la protecci\u00f3n de sus datos en esos otros sitios terceros. Dichos sitios est\u00e1n sujetos a sus propias pol\u00edticas de privacidad por lo cual es recomendable que los consulte para confirmar que usted est\u00e1 de acuerdo con estas.<\/p>\n<h4 style=\"text-align: justify;\"><strong>CONTROL DE SU INFORMACI\u00d3N PERSONAL.<\/strong><\/h4>\n<p style=\"text-align: justify;\">En cualquier momento usted puede restringir la recopilaci\u00f3n o el uso de la informaci\u00f3n personal que es proporcionada a nuestro sitio web. Cada vez que se le solicite rellenar un formulario, como el de alta de usuario, puede marcar o desmarcar la opci\u00f3n de recibir informaci\u00f3n por correo electr\u00f3nico. En caso de que haya marcado la opci\u00f3n de recibir nuestro bolet\u00edn o publicidad usted puede cancelarla en cualquier momento.<\/p>\n<p style=\"text-align: justify;\">Sitio Web no vender\u00e1, ceder\u00e1 ni distribuir\u00e1 la informaci\u00f3n personal que es recopilada sin su consentimiento, salvo que sea requerido por un juez con un orden judicial.<\/p>\n<h4><strong>MODIFICACI\u00d3N Y VIGENCIA.<\/strong><\/h4>\n<p style=\"text-align: justify;\">Sitio Web se reserva el derecho de modificar en cualquier momento las condiciones aqu\u00ed determinadas, pudiendo cambiar, suprimir o a\u00f1adir tantos contenidos y servicios que se presten a trav\u00e9s de la misma, como la forma en la que \u00e9stos aparezcan representados o localizados en su portal.<\/p>\n<p style=\"text-align: justify;\">La vigencia de las citadas condiciones ir\u00e1 en funci\u00f3n de su exposici\u00f3n y estar\u00e1n vigentes hasta que sean modificadas por otras debidamente publicadas.<\/p>\n<h4 style=\"text-align: justify;\"><strong>LEGISLACI\u00d3N APLICABLE Y JURISDICCI\u00d3N COMPETENTE<\/strong>.<\/h4>\n<p style=\"text-align: justify;\">El presente Aviso Legal se encuentra redactado en castellano, y se encuentra sometido a la legislaci\u00f3n espa\u00f1ola vigente, que se ser\u00e1 de aplicaci\u00f3n en lo no dispuesto en el presente en materia de interpretaci\u00f3n, validez y ejecuci\u00f3n.\u00a0<strong><em>veredes, arquitectura y divulgaci\u00f3n<\/em><\/strong><strong>\u00a0<\/strong>y el Usuario, con renuncia expresa a cualquier otro fuero, se someten a los Juzgados y Tribunales del domicilio del Usuario para cualquier controversia que pudiera derivarse. En el caso de que el Usuario tenga su domicilio fuera de Espa\u00f1a,\u00a0Sitio Web<strong>\u00a0<\/strong>y el Usuario se someten, con renuncia expresa a cualquier otro fuero, a los juzgados y tribunales de\u00a0Lugo, Espa\u00f1a.<\/p>\n<h4><a href=\"https:\/\/veredes.es\/blog\/politica-de-cookies\/\" target=\"_blank\" rel=\"noopener\"><strong>COOKIES<\/strong><\/a><\/h4>\n<h4><a href=\"https:\/\/veredes.es\/blog\/politica-de-privacidad\/\" target=\"_blank\" rel=\"noopener\"><strong>POL\u00cdTICA DE PRIVACIDAD<\/strong><\/a><\/h4>\n","protected":false},"excerpt":{"rendered":"<p>DATOS IDENTIFICATIVOS. De acuerdo con el art\u00edculo 10 de la Ley 34\/2002, de 11 de julio, de Servicios de la Sociedad de la Informaci\u00f3n y de Comercio Electr\u00f3nico se informa que\u00a0veredes, arquitectura y divulgaci\u00f3n est\u00e1 domiciliada en Av\/ de la Coru\u00f1a 337, 5\u00ba Izq de Lugo, Galicia, Espa\u00f1ay cuyo responsable es Alberto Alonso Oro con [&hellip;]<\/p>\n","protected":false},"author":2,"featured_media":0,"parent":0,"menu_order":0,"comment_status":"closed","ping_status":"closed","template":"","meta":{"footnotes":""},"class_list":["post-72474","page","type-page","status-publish"],"yoast_head":"<!-- This site is optimized with the Yoast SEO plugin v27.3 - https:\/\/yoast.com\/product\/yoast-seo-wordpress\/ -->\n<title>Aviso Legal - veredes<\/title>\n<meta name=\"description\" content=\"Toda la informaci\u00f3n sobre: Aviso Legal\" \/>\n<meta name=\"robots\" content=\"index, follow, max-snippet:-1, max-image-preview:large, max-video-preview:-1\" \/>\n<link rel=\"canonical\" href=\"https:\/\/veredes.es\/blog\/aviso-legal\/\" \/>\n<meta property=\"og:locale\" content=\"es_ES\" \/>\n<meta property=\"og:type\" content=\"article\" \/>\n<meta property=\"og:title\" content=\"Aviso Legal - veredes\" \/>\n<meta property=\"og:description\" content=\"Toda la informaci\u00f3n sobre: Aviso Legal\" \/>\n<meta property=\"og:url\" content=\"https:\/\/veredes.es\/blog\/aviso-legal\/\" \/>\n<meta property=\"og:site_name\" content=\"veredes, arquitectura y divulgaci\u00f3n\" \/>\n<meta property=\"article:publisher\" content=\"https:\/\/www.facebook.com\/veredesArquitecturayDivulgacion\/\" \/>\n<meta property=\"article:modified_time\" content=\"2023-04-01T08:28:26+00:00\" \/>\n<meta name=\"twitter:card\" content=\"summary_large_image\" \/>\n<meta name=\"twitter:site\" content=\"@veredes\" \/>\n<meta name=\"twitter:label1\" content=\"Tiempo de lectura\" \/>\n\t<meta name=\"twitter:data1\" content=\"7 minutos\" \/>\n<script type=\"application\/ld+json\" class=\"yoast-schema-graph\">{\"@context\":\"https:\\\/\\\/schema.org\",\"@graph\":[{\"@type\":\"WebPage\",\"@id\":\"https:\\\/\\\/veredes.es\\\/blog\\\/aviso-legal\\\/\",\"url\":\"https:\\\/\\\/veredes.es\\\/blog\\\/aviso-legal\\\/\",\"name\":\"Aviso Legal - veredes\",\"isPartOf\":{\"@id\":\"https:\\\/\\\/veredes.es\\\/blog\\\/#website\"},\"datePublished\":\"2019-02-19T09:35:07+00:00\",\"dateModified\":\"2023-04-01T08:28:26+00:00\",\"description\":\"Toda la informaci\u00f3n sobre: Aviso Legal\",\"breadcrumb\":{\"@id\":\"https:\\\/\\\/veredes.es\\\/blog\\\/aviso-legal\\\/#breadcrumb\"},\"inLanguage\":\"es\",\"potentialAction\":[{\"@type\":\"ReadAction\",\"target\":[\"https:\\\/\\\/veredes.es\\\/blog\\\/aviso-legal\\\/\"]}]},{\"@type\":\"BreadcrumbList\",\"@id\":\"https:\\\/\\\/veredes.es\\\/blog\\\/aviso-legal\\\/#breadcrumb\",\"itemListElement\":[{\"@type\":\"ListItem\",\"position\":1,\"name\":\"Portada\",\"item\":\"https:\\\/\\\/veredes.es\\\/blog\\\/\"},{\"@type\":\"ListItem\",\"position\":2,\"name\":\"Aviso Legal\"}]},{\"@type\":\"WebSite\",\"@id\":\"https:\\\/\\\/veredes.es\\\/blog\\\/#website\",\"url\":\"https:\\\/\\\/veredes.es\\\/blog\\\/\",\"name\":\"veredes, arquitectura y divulgaci\u00f3n\",\"description\":\"veredes\",\"publisher\":{\"@id\":\"https:\\\/\\\/veredes.es\\\/blog\\\/#organization\"},\"alternateName\":\"veredes\",\"potentialAction\":[{\"@type\":\"SearchAction\",\"target\":{\"@type\":\"EntryPoint\",\"urlTemplate\":\"https:\\\/\\\/veredes.es\\\/blog\\\/?s={search_term_string}\"},\"query-input\":{\"@type\":\"PropertyValueSpecification\",\"valueRequired\":true,\"valueName\":\"search_term_string\"}}],\"inLanguage\":\"es\"},{\"@type\":\"Organization\",\"@id\":\"https:\\\/\\\/veredes.es\\\/blog\\\/#organization\",\"name\":\"veredes, arquitectura y divulgaci\u00f3n\",\"alternateName\":\"veredes\",\"url\":\"https:\\\/\\\/veredes.es\\\/blog\\\/\",\"logo\":{\"@type\":\"ImageObject\",\"inLanguage\":\"es\",\"@id\":\"https:\\\/\\\/veredes.es\\\/blog\\\/#\\\/schema\\\/logo\\\/image\\\/\",\"url\":\"https:\\\/\\\/veredes.es\\\/blog\\\/wp-content\\\/uploads\\\/2021\\\/12\\\/veredes-logo-centrado_140x54.png\",\"contentUrl\":\"https:\\\/\\\/veredes.es\\\/blog\\\/wp-content\\\/uploads\\\/2021\\\/12\\\/veredes-logo-centrado_140x54.png\",\"width\":140,\"height\":54,\"caption\":\"veredes, arquitectura y divulgaci\u00f3n\"},\"image\":{\"@id\":\"https:\\\/\\\/veredes.es\\\/blog\\\/#\\\/schema\\\/logo\\\/image\\\/\"},\"sameAs\":[\"https:\\\/\\\/www.facebook.com\\\/veredesArquitecturayDivulgacion\\\/\",\"https:\\\/\\\/x.com\\\/veredes\",\"https:\\\/\\\/instagram.com\\\/veredes\\\/\",\"https:\\\/\\\/www.linkedin.com\\\/company\\\/veredes-arquitectura-y-divulgacion\\\/\",\"https:\\\/\\\/es.pinterest.com\\\/veredes\\\/\",\"https:\\\/\\\/www.tumblr.com\\\/veredes\"]}]}<\/script>\n<!-- \/ Yoast SEO plugin. -->","yoast_head_json":{"title":"Aviso Legal - veredes","description":"Toda la informaci\u00f3n sobre: Aviso Legal","robots":{"index":"index","follow":"follow","max-snippet":"max-snippet:-1","max-image-preview":"max-image-preview:large","max-video-preview":"max-video-preview:-1"},"canonical":"https:\/\/veredes.es\/blog\/aviso-legal\/","og_locale":"es_ES","og_type":"article","og_title":"Aviso Legal - veredes","og_description":"Toda la informaci\u00f3n sobre: Aviso Legal","og_url":"https:\/\/veredes.es\/blog\/aviso-legal\/","og_site_name":"veredes, arquitectura y divulgaci\u00f3n","article_publisher":"https:\/\/www.facebook.com\/veredesArquitecturayDivulgacion\/","article_modified_time":"2023-04-01T08:28:26+00:00","twitter_card":"summary_large_image","twitter_site":"@veredes","twitter_misc":{"Tiempo de lectura":"7 minutos"},"schema":{"@context":"https:\/\/schema.org","@graph":[{"@type":"WebPage","@id":"https:\/\/veredes.es\/blog\/aviso-legal\/","url":"https:\/\/veredes.es\/blog\/aviso-legal\/","name":"Aviso Legal - veredes","isPartOf":{"@id":"https:\/\/veredes.es\/blog\/#website"},"datePublished":"2019-02-19T09:35:07+00:00","dateModified":"2023-04-01T08:28:26+00:00","description":"Toda la informaci\u00f3n sobre: Aviso Legal","breadcrumb":{"@id":"https:\/\/veredes.es\/blog\/aviso-legal\/#breadcrumb"},"inLanguage":"es","potentialAction":[{"@type":"ReadAction","target":["https:\/\/veredes.es\/blog\/aviso-legal\/"]}]},{"@type":"BreadcrumbList","@id":"https:\/\/veredes.es\/blog\/aviso-legal\/#breadcrumb","itemListElement":[{"@type":"ListItem","position":1,"name":"Portada","item":"https:\/\/veredes.es\/blog\/"},{"@type":"ListItem","position":2,"name":"Aviso Legal"}]},{"@type":"WebSite","@id":"https:\/\/veredes.es\/blog\/#website","url":"https:\/\/veredes.es\/blog\/","name":"veredes, arquitectura y divulgaci\u00f3n","description":"veredes","publisher":{"@id":"https:\/\/veredes.es\/blog\/#organization"},"alternateName":"veredes","potentialAction":[{"@type":"SearchAction","target":{"@type":"EntryPoint","urlTemplate":"https:\/\/veredes.es\/blog\/?s={search_term_string}"},"query-input":{"@type":"PropertyValueSpecification","valueRequired":true,"valueName":"search_term_string"}}],"inLanguage":"es"},{"@type":"Organization","@id":"https:\/\/veredes.es\/blog\/#organization","name":"veredes, arquitectura y divulgaci\u00f3n","alternateName":"veredes","url":"https:\/\/veredes.es\/blog\/","logo":{"@type":"ImageObject","inLanguage":"es","@id":"https:\/\/veredes.es\/blog\/#\/schema\/logo\/image\/","url":"https:\/\/veredes.es\/blog\/wp-content\/uploads\/2021\/12\/veredes-logo-centrado_140x54.png","contentUrl":"https:\/\/veredes.es\/blog\/wp-content\/uploads\/2021\/12\/veredes-logo-centrado_140x54.png","width":140,"height":54,"caption":"veredes, arquitectura y divulgaci\u00f3n"},"image":{"@id":"https:\/\/veredes.es\/blog\/#\/schema\/logo\/image\/"},"sameAs":["https:\/\/www.facebook.com\/veredesArquitecturayDivulgacion\/","https:\/\/x.com\/veredes","https:\/\/instagram.com\/veredes\/","https:\/\/www.linkedin.com\/company\/veredes-arquitectura-y-divulgacion\/","https:\/\/es.pinterest.com\/veredes\/","https:\/\/www.tumblr.com\/veredes"]}]}},"_links":{"self":[{"href":"https:\/\/veredes.es\/blog\/wp-json\/wp\/v2\/pages\/72474","targetHints":{"allow":["GET"]}}],"collection":[{"href":"https:\/\/veredes.es\/blog\/wp-json\/wp\/v2\/pages"}],"about":[{"href":"https:\/\/veredes.es\/blog\/wp-json\/wp\/v2\/types\/page"}],"author":[{"embeddable":true,"href":"https:\/\/veredes.es\/blog\/wp-json\/wp\/v2\/users\/2"}],"replies":[{"embeddable":true,"href":"https:\/\/veredes.es\/blog\/wp-json\/wp\/v2\/comments?post=72474"}],"version-history":[{"count":0,"href":"https:\/\/veredes.es\/blog\/wp-json\/wp\/v2\/pages\/72474\/revisions"}],"wp:attachment":[{"href":"https:\/\/veredes.es\/blog\/wp-json\/wp\/v2\/media?parent=72474"}],"curies":[{"name":"wp","href":"https:\/\/api.w.org\/{rel}","templated":true}]}}