{"id":26511,"date":"2012-11-12T12:13:53","date_gmt":"2012-11-12T12:13:53","guid":{"rendered":"http:\/\/veredes.es\/blog\/?page_id=26511"},"modified":"2018-05-03T14:04:58","modified_gmt":"2018-05-03T12:04:58","slug":"derrotero","status":"publish","type":"page","link":"https:\/\/veredes.es\/blog\/derrotero\/","title":{"rendered":"derrotero"},"content":{"rendered":"<p><script type=\"text\/javascript\" src=\"http:\/\/veredes.es\/blog\/wp-content\/themes\/veredes_ske\/js\/fitmaps.js\"><\/script><script type=\"text\/javascript\">\/\/ <![CDATA[\n   jQuery(document).ready(function(){\n     \/\/ Target your .container, .wrapper, .post, etc.\n     jQuery(\"#mapa\").fitMaps({w: '100%', h:'1000px'});\n   });\n\/\/ ]]><\/script><\/p>\n<p>En esta secci\u00f3n se podr\u00e1n encontrar geoposicionadas todas las obras publicadas.<\/p>\n<div id=\"mapa\"><iframe src=\"https:\/\/maps.google.com\/maps\/ms?msa=0&amp;msid=201071239129991082845.0004cc28a83811f85c25a&amp;hl=es&amp;ie=UTF8&amp;t=h&amp;ll=46.225453,0.791016&amp;spn=30.417899,27.421875&amp;z=5&amp;output=embed\"><\/iframe><\/div>\n<p><span style=\"color: #888888;\"><small>Ver <strong><a style=\"color: #0000ff; text-align: left;\" href=\"https:\/\/maps.google.com\/maps\/ms?msa=0&amp;msid=201071239129991082845.0004cc28a83811f85c25a&amp;hl=es&amp;ie=UTF8&amp;t=h&amp;ll=42.98054,-7.849731&amp;spn=1.60748,3.405762&amp;z=8&amp;source=embed\" target=\"_blank\"><span style=\"color: #888888;\">veredes<\/span><\/a><\/strong> en un mapa m\u00e1s grande<\/small><\/span><\/p>","protected":false},"excerpt":{"rendered":"<p>En esta secci\u00f3n se podr\u00e1n encontrar geoposicionadas todas las obras publicadas. Ver veredes en un mapa m\u00e1s grande<\/p>\n","protected":false},"author":2,"featured_media":0,"parent":0,"menu_order":0,"comment_status":"closed","ping_status":"closed","template":"","meta":{"footnotes":""},"class_list":["post-26511","page","type-page","status-publish"],"yoast_head":"<!-- This site is optimized with the Yoast SEO plugin v27.5 - https:\/\/yoast.com\/product\/yoast-seo-wordpress\/ -->\n<title>derrotero - veredes<\/title>\n<meta name=\"description\" content=\"Toda la informaci\u00f3n sobre: [:es]derrotero[:gl]derrotero[:en]course[:]\" \/>\n<meta name=\"robots\" content=\"index, follow, max-snippet:-1, max-image-preview:large, max-video-preview:-1\" \/>\n<link rel=\"canonical\" href=\"https:\/\/veredes.es\/blog\/derrotero\/\" \/>\n<meta property=\"og:locale\" content=\"es_ES\" \/>\n<meta property=\"og:type\" content=\"article\" \/>\n<meta property=\"og:title\" content=\"[:es]derrotero[:gl]derrotero[:en]course[:] - veredes\" \/>\n<meta property=\"og:description\" content=\"Toda la informaci\u00f3n sobre: [:es]derrotero[:gl]derrotero[:en]course[:]\" \/>\n<meta property=\"og:url\" content=\"https:\/\/veredes.es\/blog\/derrotero\/\" \/>\n<meta property=\"og:site_name\" content=\"veredes, arquitectura y divulgaci\u00f3n\" \/>\n<meta property=\"article:publisher\" content=\"https:\/\/www.facebook.com\/veredesArquitecturayDivulgacion\/\" \/>\n<meta property=\"article:modified_time\" content=\"2018-05-03T12:04:58+00:00\" \/>\n<meta name=\"twitter:card\" content=\"summary_large_image\" \/>\n<meta name=\"twitter:site\" content=\"@veredes\" \/>\n<script type=\"application\/ld+json\" class=\"yoast-schema-graph\">{\"@context\":\"https:\\\/\\\/schema.org\",\"@graph\":[{\"@type\":\"WebPage\",\"@id\":\"https:\\\/\\\/veredes.es\\\/blog\\\/derrotero\\\/\",\"url\":\"https:\\\/\\\/veredes.es\\\/blog\\\/derrotero\\\/\",\"name\":\"[:es]derrotero[:gl]derrotero[:en]course[:] - veredes\",\"isPartOf\":{\"@id\":\"https:\\\/\\\/veredes.es\\\/blog\\\/#website\"},\"datePublished\":\"2012-11-12T12:13:53+00:00\",\"dateModified\":\"2018-05-03T12:04:58+00:00\",\"description\":\"Toda la informaci\u00f3n sobre: [:es]derrotero[:gl]derrotero[:en]course[:]\",\"breadcrumb\":{\"@id\":\"https:\\\/\\\/veredes.es\\\/blog\\\/derrotero\\\/#breadcrumb\"},\"inLanguage\":\"es\",\"potentialAction\":[{\"@type\":\"ReadAction\",\"target\":[\"https:\\\/\\\/veredes.es\\\/blog\\\/derrotero\\\/\"]}]},{\"@type\":\"BreadcrumbList\",\"@id\":\"https:\\\/\\\/veredes.es\\\/blog\\\/derrotero\\\/#breadcrumb\",\"itemListElement\":[{\"@type\":\"ListItem\",\"position\":1,\"name\":\"Portada\",\"item\":\"https:\\\/\\\/veredes.es\\\/blog\\\/\"},{\"@type\":\"ListItem\",\"position\":2,\"name\":\"derrotero\"}]},{\"@type\":\"WebSite\",\"@id\":\"https:\\\/\\\/veredes.es\\\/blog\\\/#website\",\"url\":\"https:\\\/\\\/veredes.es\\\/blog\\\/\",\"name\":\"veredes, arquitectura y divulgaci\u00f3n\",\"description\":\"veredes\",\"publisher\":{\"@id\":\"https:\\\/\\\/veredes.es\\\/blog\\\/#organization\"},\"alternateName\":\"veredes\",\"potentialAction\":[{\"@type\":\"SearchAction\",\"target\":{\"@type\":\"EntryPoint\",\"urlTemplate\":\"https:\\\/\\\/veredes.es\\\/blog\\\/?s={search_term_string}\"},\"query-input\":{\"@type\":\"PropertyValueSpecification\",\"valueRequired\":true,\"valueName\":\"search_term_string\"}}],\"inLanguage\":\"es\"},{\"@type\":\"Organization\",\"@id\":\"https:\\\/\\\/veredes.es\\\/blog\\\/#organization\",\"name\":\"veredes, arquitectura y divulgaci\u00f3n\",\"alternateName\":\"veredes\",\"url\":\"https:\\\/\\\/veredes.es\\\/blog\\\/\",\"logo\":{\"@type\":\"ImageObject\",\"inLanguage\":\"es\",\"@id\":\"https:\\\/\\\/veredes.es\\\/blog\\\/#\\\/schema\\\/logo\\\/image\\\/\",\"url\":\"https:\\\/\\\/veredes.es\\\/blog\\\/wp-content\\\/uploads\\\/2021\\\/12\\\/veredes-logo-centrado_140x54.png\",\"contentUrl\":\"https:\\\/\\\/veredes.es\\\/blog\\\/wp-content\\\/uploads\\\/2021\\\/12\\\/veredes-logo-centrado_140x54.png\",\"width\":140,\"height\":54,\"caption\":\"veredes, arquitectura y divulgaci\u00f3n\"},\"image\":{\"@id\":\"https:\\\/\\\/veredes.es\\\/blog\\\/#\\\/schema\\\/logo\\\/image\\\/\"},\"sameAs\":[\"https:\\\/\\\/www.facebook.com\\\/veredesArquitecturayDivulgacion\\\/\",\"https:\\\/\\\/x.com\\\/veredes\",\"https:\\\/\\\/instagram.com\\\/veredes\\\/\",\"https:\\\/\\\/www.linkedin.com\\\/company\\\/veredes-arquitectura-y-divulgacion\\\/\",\"https:\\\/\\\/es.pinterest.com\\\/veredes\\\/\",\"https:\\\/\\\/www.tumblr.com\\\/veredes\"]}]}<\/script>\n<!-- \/ Yoast SEO plugin. -->","yoast_head_json":{"title":"[:es]derrotero[:gl]derrotero[:en]course[:] - veredes","description":"Toda la informaci\u00f3n sobre: [:es]derrotero[:gl]derrotero[:en]course[:]","robots":{"index":"index","follow":"follow","max-snippet":"max-snippet:-1","max-image-preview":"max-image-preview:large","max-video-preview":"max-video-preview:-1"},"canonical":"https:\/\/veredes.es\/blog\/derrotero\/","og_locale":"es_ES","og_type":"article","og_title":"[:es]derrotero[:gl]derrotero[:en]course[:] - veredes","og_description":"Toda la informaci\u00f3n sobre: [:es]derrotero[:gl]derrotero[:en]course[:]","og_url":"https:\/\/veredes.es\/blog\/derrotero\/","og_site_name":"veredes, arquitectura y divulgaci\u00f3n","article_publisher":"https:\/\/www.facebook.com\/veredesArquitecturayDivulgacion\/","article_modified_time":"2018-05-03T12:04:58+00:00","twitter_card":"summary_large_image","twitter_site":"@veredes","schema":{"@context":"https:\/\/schema.org","@graph":[{"@type":"WebPage","@id":"https:\/\/veredes.es\/blog\/derrotero\/","url":"https:\/\/veredes.es\/blog\/derrotero\/","name":"[:es]derrotero[:gl]derrotero[:en]course[:] - veredes","isPartOf":{"@id":"https:\/\/veredes.es\/blog\/#website"},"datePublished":"2012-11-12T12:13:53+00:00","dateModified":"2018-05-03T12:04:58+00:00","description":"Toda la informaci\u00f3n sobre: [:es]derrotero[:gl]derrotero[:en]course[:]","breadcrumb":{"@id":"https:\/\/veredes.es\/blog\/derrotero\/#breadcrumb"},"inLanguage":"es","potentialAction":[{"@type":"ReadAction","target":["https:\/\/veredes.es\/blog\/derrotero\/"]}]},{"@type":"BreadcrumbList","@id":"https:\/\/veredes.es\/blog\/derrotero\/#breadcrumb","itemListElement":[{"@type":"ListItem","position":1,"name":"Portada","item":"https:\/\/veredes.es\/blog\/"},{"@type":"ListItem","position":2,"name":"derrotero"}]},{"@type":"WebSite","@id":"https:\/\/veredes.es\/blog\/#website","url":"https:\/\/veredes.es\/blog\/","name":"veredes, arquitectura y divulgaci\u00f3n","description":"veredes","publisher":{"@id":"https:\/\/veredes.es\/blog\/#organization"},"alternateName":"veredes","potentialAction":[{"@type":"SearchAction","target":{"@type":"EntryPoint","urlTemplate":"https:\/\/veredes.es\/blog\/?s={search_term_string}"},"query-input":{"@type":"PropertyValueSpecification","valueRequired":true,"valueName":"search_term_string"}}],"inLanguage":"es"},{"@type":"Organization","@id":"https:\/\/veredes.es\/blog\/#organization","name":"veredes, arquitectura y divulgaci\u00f3n","alternateName":"veredes","url":"https:\/\/veredes.es\/blog\/","logo":{"@type":"ImageObject","inLanguage":"es","@id":"https:\/\/veredes.es\/blog\/#\/schema\/logo\/image\/","url":"https:\/\/veredes.es\/blog\/wp-content\/uploads\/2021\/12\/veredes-logo-centrado_140x54.png","contentUrl":"https:\/\/veredes.es\/blog\/wp-content\/uploads\/2021\/12\/veredes-logo-centrado_140x54.png","width":140,"height":54,"caption":"veredes, arquitectura y divulgaci\u00f3n"},"image":{"@id":"https:\/\/veredes.es\/blog\/#\/schema\/logo\/image\/"},"sameAs":["https:\/\/www.facebook.com\/veredesArquitecturayDivulgacion\/","https:\/\/x.com\/veredes","https:\/\/instagram.com\/veredes\/","https:\/\/www.linkedin.com\/company\/veredes-arquitectura-y-divulgacion\/","https:\/\/es.pinterest.com\/veredes\/","https:\/\/www.tumblr.com\/veredes"]}]}},"_links":{"self":[{"href":"https:\/\/veredes.es\/blog\/wp-json\/wp\/v2\/pages\/26511","targetHints":{"allow":["GET"]}}],"collection":[{"href":"https:\/\/veredes.es\/blog\/wp-json\/wp\/v2\/pages"}],"about":[{"href":"https:\/\/veredes.es\/blog\/wp-json\/wp\/v2\/types\/page"}],"author":[{"embeddable":true,"href":"https:\/\/veredes.es\/blog\/wp-json\/wp\/v2\/users\/2"}],"replies":[{"embeddable":true,"href":"https:\/\/veredes.es\/blog\/wp-json\/wp\/v2\/comments?post=26511"}],"version-history":[{"count":0,"href":"https:\/\/veredes.es\/blog\/wp-json\/wp\/v2\/pages\/26511\/revisions"}],"wp:attachment":[{"href":"https:\/\/veredes.es\/blog\/wp-json\/wp\/v2\/media?parent=26511"}],"curies":[{"name":"wp","href":"https:\/\/api.w.org\/{rel}","templated":true}]}}