{"id":24834,"date":"2012-10-13T11:16:46","date_gmt":"2012-10-13T11:16:46","guid":{"rendered":"http:\/\/veredes.es\/blog\/?page_id=24834"},"modified":"2023-03-03T11:41:31","modified_gmt":"2023-03-03T10:41:31","slug":"contacto","status":"publish","type":"page","link":"https:\/\/veredes.es\/blog\/contacto\/","title":{"rendered":"Contacto"},"content":{"rendered":"<p><\/p>\n<p style=\"text-align: justify;\">Este blog es un proceso abierto en el que se agradece la colaboraci\u00f3n para ayudar a mejorar y aumentar la calidad de la informaci\u00f3n. Por tanto proponemos un esquema general, que s\u00ed bien podr\u00e1 ser modificado puntualmente en caso de ser necesario para ajustarlo a las obras que as\u00ed lo requieran para su perfecta y correcta compresi\u00f3n.<\/p>\n<p style=\"text-align: justify; padding-left: 30px;\"><a href=\"http:\/\/veredes.es\/esquemas\/esquema_obras_espanol.pdf\" target=\"_blank\" rel=\"noopener\">+ esquema<\/a><\/p>\n<p style=\"text-align: justify;\">Escribe peque\u00f1os art\u00edculos o env\u00edanos tus obras, sobre temas relacionados con arquitectura, arte, fotograf\u00eda, pintura, ilustraci\u00f3n, dise\u00f1o gr\u00e1fico, moda, etc. Baja el esquema, introduce el texto e im\u00e1genes. Env\u00eda nos la informaci\u00f3n con tus datos personales y contacto a la siguiente direcci\u00f3n:<\/p>\n<p style=\"text-align: justify; padding-left: 30px;\"><strong>contacto(arroba)veredes.es<\/strong><\/p>\n<h3 style=\"text-align: justify;\"><strong>ERRORES<\/strong><\/h3>\n<p style=\"text-align: justify;\">Si identificas algun error sobre algun dato te rogamos que nos lo comuniques para poder corregirlo. Si hemos cometido cualquier error en la asignacion de la propiedad o autoria de alguna imagen o bien en cualquier informacion te rogamos que nos lo comuniques.<\/p>\n<p style=\"text-align: justify; padding-left: 30px;\"><strong>errores(arroba)veredes.es<\/strong><\/p>\n<p style=\"text-align: justify;\"><strong>ISSN 2603-6401\u00a0|\u00a0veredes\u00a0| Arquitectura y divulgaci\u00f3n est\u00e1 editado en Lugo por Alberto Alonso Oro.\u00a0<\/strong><\/p>\n<p><\/p>","protected":false},"excerpt":{"rendered":"<p>Este blog es un proceso abierto en el que se agradece la colaboraci\u00f3n para ayudar a mejorar y aumentar la calidad de la informaci\u00f3n. Por tanto proponemos un esquema general, que s\u00ed bien podr\u00e1 ser modificado puntualmente en caso de ser necesario para ajustarlo a las obras que as\u00ed lo requieran para su perfecta y [&hellip;]<\/p>\n","protected":false},"author":2,"featured_media":0,"parent":0,"menu_order":0,"comment_status":"closed","ping_status":"closed","template":"","meta":{"footnotes":""},"class_list":["post-24834","page","type-page","status-publish"],"yoast_head":"<!-- This site is optimized with the Yoast SEO plugin v27.4 - https:\/\/yoast.com\/product\/yoast-seo-wordpress\/ -->\n<title>Contacto - veredes<\/title>\n<meta name=\"description\" content=\"Toda la informaci\u00f3n sobre: [:es]Contacto[:gl]Contacto[:en]Contact[:] contacto veredes\" \/>\n<meta name=\"robots\" content=\"index, follow, max-snippet:-1, max-image-preview:large, max-video-preview:-1\" \/>\n<link rel=\"canonical\" href=\"https:\/\/veredes.es\/blog\/contacto\/\" \/>\n<meta property=\"og:locale\" content=\"es_ES\" \/>\n<meta property=\"og:type\" content=\"article\" \/>\n<meta property=\"og:title\" content=\"[:es]Contacto[:gl]Contacto[:en]Contact[:] - veredes\" \/>\n<meta property=\"og:description\" content=\"Toda la informaci\u00f3n sobre: [:es]Contacto[:gl]Contacto[:en]Contact[:] contacto veredes\" \/>\n<meta property=\"og:url\" content=\"https:\/\/veredes.es\/blog\/contacto\/\" \/>\n<meta property=\"og:site_name\" content=\"veredes, arquitectura y divulgaci\u00f3n\" \/>\n<meta property=\"article:publisher\" content=\"https:\/\/www.facebook.com\/veredesArquitecturayDivulgacion\/\" \/>\n<meta property=\"article:modified_time\" content=\"2023-03-03T10:41:31+00:00\" \/>\n<meta name=\"twitter:card\" content=\"summary_large_image\" \/>\n<meta name=\"twitter:site\" content=\"@veredes\" \/>\n<meta name=\"twitter:label1\" content=\"Tiempo de lectura\" \/>\n\t<meta name=\"twitter:data1\" content=\"1 minuto\" \/>\n<script type=\"application\/ld+json\" class=\"yoast-schema-graph\">{\"@context\":\"https:\\\/\\\/schema.org\",\"@graph\":[{\"@type\":\"WebPage\",\"@id\":\"https:\\\/\\\/veredes.es\\\/blog\\\/contacto\\\/\",\"url\":\"https:\\\/\\\/veredes.es\\\/blog\\\/contacto\\\/\",\"name\":\"[:es]Contacto[:gl]Contacto[:en]Contact[:] - veredes\",\"isPartOf\":{\"@id\":\"https:\\\/\\\/veredes.es\\\/blog\\\/#website\"},\"datePublished\":\"2012-10-13T11:16:46+00:00\",\"dateModified\":\"2023-03-03T10:41:31+00:00\",\"description\":\"Toda la informaci\u00f3n sobre: [:es]Contacto[:gl]Contacto[:en]Contact[:] contacto veredes\",\"breadcrumb\":{\"@id\":\"https:\\\/\\\/veredes.es\\\/blog\\\/contacto\\\/#breadcrumb\"},\"inLanguage\":\"es\",\"potentialAction\":[{\"@type\":\"ReadAction\",\"target\":[\"https:\\\/\\\/veredes.es\\\/blog\\\/contacto\\\/\"]}]},{\"@type\":\"BreadcrumbList\",\"@id\":\"https:\\\/\\\/veredes.es\\\/blog\\\/contacto\\\/#breadcrumb\",\"itemListElement\":[{\"@type\":\"ListItem\",\"position\":1,\"name\":\"Portada\",\"item\":\"https:\\\/\\\/veredes.es\\\/blog\\\/\"},{\"@type\":\"ListItem\",\"position\":2,\"name\":\"Contacto\"}]},{\"@type\":\"WebSite\",\"@id\":\"https:\\\/\\\/veredes.es\\\/blog\\\/#website\",\"url\":\"https:\\\/\\\/veredes.es\\\/blog\\\/\",\"name\":\"veredes, arquitectura y divulgaci\u00f3n\",\"description\":\"veredes\",\"publisher\":{\"@id\":\"https:\\\/\\\/veredes.es\\\/blog\\\/#organization\"},\"alternateName\":\"veredes\",\"potentialAction\":[{\"@type\":\"SearchAction\",\"target\":{\"@type\":\"EntryPoint\",\"urlTemplate\":\"https:\\\/\\\/veredes.es\\\/blog\\\/?s={search_term_string}\"},\"query-input\":{\"@type\":\"PropertyValueSpecification\",\"valueRequired\":true,\"valueName\":\"search_term_string\"}}],\"inLanguage\":\"es\"},{\"@type\":\"Organization\",\"@id\":\"https:\\\/\\\/veredes.es\\\/blog\\\/#organization\",\"name\":\"veredes, arquitectura y divulgaci\u00f3n\",\"alternateName\":\"veredes\",\"url\":\"https:\\\/\\\/veredes.es\\\/blog\\\/\",\"logo\":{\"@type\":\"ImageObject\",\"inLanguage\":\"es\",\"@id\":\"https:\\\/\\\/veredes.es\\\/blog\\\/#\\\/schema\\\/logo\\\/image\\\/\",\"url\":\"https:\\\/\\\/veredes.es\\\/blog\\\/wp-content\\\/uploads\\\/2021\\\/12\\\/veredes-logo-centrado_140x54.png\",\"contentUrl\":\"https:\\\/\\\/veredes.es\\\/blog\\\/wp-content\\\/uploads\\\/2021\\\/12\\\/veredes-logo-centrado_140x54.png\",\"width\":140,\"height\":54,\"caption\":\"veredes, arquitectura y divulgaci\u00f3n\"},\"image\":{\"@id\":\"https:\\\/\\\/veredes.es\\\/blog\\\/#\\\/schema\\\/logo\\\/image\\\/\"},\"sameAs\":[\"https:\\\/\\\/www.facebook.com\\\/veredesArquitecturayDivulgacion\\\/\",\"https:\\\/\\\/x.com\\\/veredes\",\"https:\\\/\\\/instagram.com\\\/veredes\\\/\",\"https:\\\/\\\/www.linkedin.com\\\/company\\\/veredes-arquitectura-y-divulgacion\\\/\",\"https:\\\/\\\/es.pinterest.com\\\/veredes\\\/\",\"https:\\\/\\\/www.tumblr.com\\\/veredes\"]}]}<\/script>\n<!-- \/ Yoast SEO plugin. -->","yoast_head_json":{"title":"[:es]Contacto[:gl]Contacto[:en]Contact[:] - veredes","description":"Toda la informaci\u00f3n sobre: [:es]Contacto[:gl]Contacto[:en]Contact[:] contacto veredes","robots":{"index":"index","follow":"follow","max-snippet":"max-snippet:-1","max-image-preview":"max-image-preview:large","max-video-preview":"max-video-preview:-1"},"canonical":"https:\/\/veredes.es\/blog\/contacto\/","og_locale":"es_ES","og_type":"article","og_title":"[:es]Contacto[:gl]Contacto[:en]Contact[:] - veredes","og_description":"Toda la informaci\u00f3n sobre: [:es]Contacto[:gl]Contacto[:en]Contact[:] contacto veredes","og_url":"https:\/\/veredes.es\/blog\/contacto\/","og_site_name":"veredes, arquitectura y divulgaci\u00f3n","article_publisher":"https:\/\/www.facebook.com\/veredesArquitecturayDivulgacion\/","article_modified_time":"2023-03-03T10:41:31+00:00","twitter_card":"summary_large_image","twitter_site":"@veredes","twitter_misc":{"Tiempo de lectura":"1 minuto"},"schema":{"@context":"https:\/\/schema.org","@graph":[{"@type":"WebPage","@id":"https:\/\/veredes.es\/blog\/contacto\/","url":"https:\/\/veredes.es\/blog\/contacto\/","name":"[:es]Contacto[:gl]Contacto[:en]Contact[:] - veredes","isPartOf":{"@id":"https:\/\/veredes.es\/blog\/#website"},"datePublished":"2012-10-13T11:16:46+00:00","dateModified":"2023-03-03T10:41:31+00:00","description":"Toda la informaci\u00f3n sobre: [:es]Contacto[:gl]Contacto[:en]Contact[:] contacto veredes","breadcrumb":{"@id":"https:\/\/veredes.es\/blog\/contacto\/#breadcrumb"},"inLanguage":"es","potentialAction":[{"@type":"ReadAction","target":["https:\/\/veredes.es\/blog\/contacto\/"]}]},{"@type":"BreadcrumbList","@id":"https:\/\/veredes.es\/blog\/contacto\/#breadcrumb","itemListElement":[{"@type":"ListItem","position":1,"name":"Portada","item":"https:\/\/veredes.es\/blog\/"},{"@type":"ListItem","position":2,"name":"Contacto"}]},{"@type":"WebSite","@id":"https:\/\/veredes.es\/blog\/#website","url":"https:\/\/veredes.es\/blog\/","name":"veredes, arquitectura y divulgaci\u00f3n","description":"veredes","publisher":{"@id":"https:\/\/veredes.es\/blog\/#organization"},"alternateName":"veredes","potentialAction":[{"@type":"SearchAction","target":{"@type":"EntryPoint","urlTemplate":"https:\/\/veredes.es\/blog\/?s={search_term_string}"},"query-input":{"@type":"PropertyValueSpecification","valueRequired":true,"valueName":"search_term_string"}}],"inLanguage":"es"},{"@type":"Organization","@id":"https:\/\/veredes.es\/blog\/#organization","name":"veredes, arquitectura y divulgaci\u00f3n","alternateName":"veredes","url":"https:\/\/veredes.es\/blog\/","logo":{"@type":"ImageObject","inLanguage":"es","@id":"https:\/\/veredes.es\/blog\/#\/schema\/logo\/image\/","url":"https:\/\/veredes.es\/blog\/wp-content\/uploads\/2021\/12\/veredes-logo-centrado_140x54.png","contentUrl":"https:\/\/veredes.es\/blog\/wp-content\/uploads\/2021\/12\/veredes-logo-centrado_140x54.png","width":140,"height":54,"caption":"veredes, arquitectura y divulgaci\u00f3n"},"image":{"@id":"https:\/\/veredes.es\/blog\/#\/schema\/logo\/image\/"},"sameAs":["https:\/\/www.facebook.com\/veredesArquitecturayDivulgacion\/","https:\/\/x.com\/veredes","https:\/\/instagram.com\/veredes\/","https:\/\/www.linkedin.com\/company\/veredes-arquitectura-y-divulgacion\/","https:\/\/es.pinterest.com\/veredes\/","https:\/\/www.tumblr.com\/veredes"]}]}},"_links":{"self":[{"href":"https:\/\/veredes.es\/blog\/wp-json\/wp\/v2\/pages\/24834","targetHints":{"allow":["GET"]}}],"collection":[{"href":"https:\/\/veredes.es\/blog\/wp-json\/wp\/v2\/pages"}],"about":[{"href":"https:\/\/veredes.es\/blog\/wp-json\/wp\/v2\/types\/page"}],"author":[{"embeddable":true,"href":"https:\/\/veredes.es\/blog\/wp-json\/wp\/v2\/users\/2"}],"replies":[{"embeddable":true,"href":"https:\/\/veredes.es\/blog\/wp-json\/wp\/v2\/comments?post=24834"}],"version-history":[{"count":0,"href":"https:\/\/veredes.es\/blog\/wp-json\/wp\/v2\/pages\/24834\/revisions"}],"wp:attachment":[{"href":"https:\/\/veredes.es\/blog\/wp-json\/wp\/v2\/media?parent=24834"}],"curies":[{"name":"wp","href":"https:\/\/api.w.org\/{rel}","templated":true}]}}